{"id":1854,"date":"2017-06-29T11:52:28","date_gmt":"2017-06-29T09:52:28","guid":{"rendered":"https:\/\/www.bvc-zentralstaubsauger.de\/?page_id=1854"},"modified":"2025-07-09T15:46:24","modified_gmt":"2025-07-09T13:46:24","slug":"sales","status":"publish","type":"page","link":"https:\/\/bvc-zentralstaubsauger.de\/en\/bvc\/sales\/","title":{"rendered":"sales"},"content":{"rendered":"<p>[vc_row][vc_column][vc_empty_space][\/vc_column][\/vc_row][vc_row][vc_column][vc_column_text]We manufacture high-quality central vacuum cleaners and focus on quality, short delivery periods and high customer satisfaction. Sales and distribution is handled by our highly respected BVC Agents in Germany and abroad.[\/vc_column_text][\/vc_column][\/vc_row][vc_row][vc_column][vc_separator color=&#8221;custom&#8221; accent_color=&#8221;#dd3333&#8243;][\/vc_column][\/vc_row][vc_row][vc_column width=&#8221;1\/2&#8243;][vc_single_image image=&#8221;5868&#8243; img_size=&#8221;full&#8221;][\/vc_column][vc_column width=&#8221;1\/2&#8243;][vc_column_text]<\/p>\n<h3 style=\"text-align: center;\"><strong>BVC Agents<br \/>\nin Europe &amp; Russia<br \/>\n<\/strong><\/h3>\n<p>[\/vc_column_text][vc_empty_space][vc_row_inner][vc_column_inner width=&#8221;1\/2&#8243;][vc_column_text]<strong>Albania<br \/>\n<\/strong><\/p>\n<p>ISMA Sh.p.k<br \/>\nIlir Skendaj<br \/>\nLagja 16 Prilli<br \/>\n9301 Fier Albania<\/p>\n<p>tel: 00355\/696363539<br \/>\ninfo.newsystem[at]gmail.com[\/vc_column_text][\/vc_column_inner][vc_column_inner width=&#8221;1\/2&#8243;][vc_column_text]<strong>Belgium<br \/>\n<\/strong><\/p>\n<p>BVC &#8211; Belgium BVBA<br \/>\nDrieslaan 1<br \/>\n8560 Moorsele<\/p>\n<p>tel: 0032-56-415149<br \/>\nmob: 0032 474 107669<br \/>\ninfo@bvcbelgium.be<br \/>\nwww.bvcbelgium.be[\/vc_column_text][\/vc_column_inner][\/vc_row_inner][vc_empty_space height=&#8221;36px&#8221;][vc_separator color=&#8221;custom&#8221; accent_color=&#8221;#dd3333&#8243;][\/vc_column][\/vc_row][vc_row][vc_column width=&#8221;1\/4&#8243;][vc_column_text]<strong>Croatia<\/strong><\/p>\n<p>Centralno usisavanje I golf j.d.o.o.<br \/>\nMr. Mladen Persic<br \/>\nPut za Paleru 37<br \/>\n52203 LIZNJAN<\/p>\n<p>tel: +385 (0) 98 255 389<br \/>\nmys[at]mys.hr[\/vc_column_text][\/vc_column][vc_column width=&#8221;1\/4&#8243;][vc_column_text]<strong>Czech Republic<\/strong><\/p>\n<p>BVC centr\u00e1lni vys\u00e1v\u00e1ni s.r.o<br \/>\nU V\u00e9trolamu 987 \/ 14 a<br \/>\n18400 Praha 8 &#8211; Dolni Chabry<\/p>\n<p>tel: 00420 284 691 336<br \/>\nmob: 00420 602 875 425<br \/>\ncvs[at]bvc-centralnivysavani.cz<br \/>\n<a href=\"https:\/\/www.bvc-centralnivysavani.cz\">www.bvc-centralnivysavace.cz<\/a>[\/vc_column_text][\/vc_column][vc_column width=&#8221;1\/4&#8243;][vc_column_text]<strong>Tschechien &#8211; <span class=\"st\">\u010cesk\u00e1 republika<\/span><\/strong><\/p>\n<p>Michal Bedn\u00e1r<br \/>\nSebranice 193<br \/>\n67931 Sebranice<\/p>\n<p>tel: 0042 777968647<br \/>\nobchod[at]bvc-vac.cz<br \/>\n<a href=\"http:\/\/www.bvc-vac.cz\">www.bvc-vac.cz<\/a>[\/vc_column_text][\/vc_column][vc_column width=&#8221;1\/4&#8243;][vc_column_text]<strong>England<\/strong><\/p>\n<p>VACUSYSTEMS LIMITED<br \/>\nChris Brown<br \/>\n23 Sandiways<br \/>\nMaghull<br \/>\nLiverpool<br \/>\nL31 6DR<\/p>\n<p>mob: 0044 8711 201405<br \/>\ninfo[at]vacusystems.co.uk<br \/>\n<a href=\"https:\/\/www.vacusystems.co.uk\/\">www.vacusystems.co.uk<\/a>[\/vc_column_text][\/vc_column][\/vc_row][vc_row][vc_column][vc_separator color=&#8221;custom&#8221; accent_color=&#8221;#dd3333&#8243;][\/vc_column][\/vc_row][vc_row][vc_column width=&#8221;1\/4&#8243;][vc_column_text]<strong>France<\/strong><\/p>\n<p>Olympia Diffusion<br \/>\nLa Cit\u00e9 de l\u2019Habitat<br \/>\nRoute de Thann<br \/>\n68460 Lutterbach<\/p>\n<p>tel: 0033 3 89 65 96 33<br \/>\ncontact[at]olympia-diffusion.fr[\/vc_column_text][\/vc_column][vc_column width=&#8221;1\/4&#8243;][vc_column_text]<strong>Hungary<\/strong><\/p>\n<p>T\u00f6r\u00f6k Trade Kft.<br \/>\nT\u00f6r\u00f6k D\u00e1niel<br \/>\nMagyar L\u00e1szl\u00f3 u. 30<br \/>\n1195 Budapest<\/p>\n<p>tel: 0036 30 520 6774<br \/>\ntorokd[at]toroktrade.hu<br \/>\n<a href=\"https:\/\/www.bvc-kozpontiporszivo.hu\/\">www.bvc-kozpontiporszivo.hu<\/a>[\/vc_column_text][\/vc_column][vc_column width=&#8221;1\/4&#8243;][vc_column_text]<strong>Italy<\/strong><\/p>\n<p>Cleanfix<br \/>\nMichael Torggler<br \/>\nCavourstrasse 28<br \/>\n39012 Meran (BZ) S\u00fcdtirol<\/p>\n<p>tel: 0039 0473 212040<br \/>\ninfo[at]cleanfix.it<br \/>\n<a href=\"http:\/\/www.cleanfix.it\">www.cleanfix.it<\/a>[\/vc_column_text][\/vc_column][vc_column width=&#8221;1\/4&#8243;][vc_column_text]<strong>Lithunia<\/strong><\/p>\n<p>UAB VENTUVIS \/ JSC Ventuvis<br \/>\nLigonin\u0117s g. 9<br \/>\n56178 Kai\u0161iadorys<\/p>\n<p>tel: 0037061678177<br \/>\ninfo[at]ventuvis.com<br \/>\n<a href=\"http:\/\/ventuvis.com\/centriniai-dulkiu-siurbliai-bvc\/\">www.ventuvis.com<\/a>[\/vc_column_text][\/vc_column][\/vc_row][vc_row][vc_column][vc_separator color=&#8221;custom&#8221; accent_color=&#8221;#dd3333&#8243;][\/vc_column][\/vc_row][vc_row][vc_column width=&#8221;1\/4&#8243;][vc_column_text]<strong>Luxemburg<br \/>\n<\/strong><\/p>\n<p>Distri-Company (S. \u00e0 r.l.)<br \/>\n24, rue du Moulin<br \/>\n3857 Schifflange<\/p>\n<p>tel: 00352 275182 25<br \/>\ninfo[at]distri-company.lu<br \/>\n<a href=\"http:\/\/www.distri-company.lu\/Produits.aspx?CID=20&amp;Categorie=Aspiration_Centralis%C3%A9e\">www.distri-company.lu<\/a>[\/vc_column_text][\/vc_column][vc_column width=&#8221;1\/4&#8243;][vc_column_text]<strong>\u00d6sterreich &#8211; Austria<\/strong><\/p>\n<p>Famulus Maschinen und technische Ger\u00e4te GmbH<br \/>\nFischeraustr. 31<br \/>\n8051 Graz \/ \u00d6sterreich<\/p>\n<p>tel: 0043 316 678550<br \/>\noffice[at]famulus.at<br \/>\n<a href=\"http:\/\/www.famulus.at\">www.famulus.at<\/a>[\/vc_column_text][\/vc_column][vc_column width=&#8221;1\/4&#8243;][vc_column_text]<strong>Poland<br \/>\n<\/strong><\/p>\n<p>BVC Polska<br \/>\nul. Armii Krajowej 40<br \/>\n62-035 K\u00f3rnik<\/p>\n<p>Tel .: +48 61 81 65 000<br \/>\ninfo[at]bvc.com.pl<br \/>\n<a href=\"https:\/\/www.bvc.com.pl\">www.bvc.com.pl<\/a>[\/vc_column_text][\/vc_column][vc_column width=&#8221;1\/4&#8243;][vc_column_text]<strong>Romania<\/strong><\/p>\n<p>BVC Romania S.R.L.<br \/>\nstr. Alexandru Macedonski nr. 13<br \/>\n300215 Timisoara<\/p>\n<p>tel: 0040 730 693 207<br \/>\noffice[at]bvc-romania.ro<br \/>\n<a href=\"https:\/\/www.bvc-romania.ro\/bvc\">www.bvc-romania.ro\/bvc<\/a>[\/vc_column_text][\/vc_column][\/vc_row][vc_row][vc_column][vc_separator color=&#8221;custom&#8221; accent_color=&#8221;#dd3333&#8243;][\/vc_column][\/vc_row][vc_row][vc_column width=&#8221;1\/4&#8243;][vc_column_text]<strong>Russia<\/strong><\/p>\n<p>Blizzard Lufttechnik<br \/>\nBusiness-park Greenwood 1<br \/>\nMoscow region, 69 km MKAD<br \/>\nRussia, 143441<\/p>\n<p>mob: +79636211911<br \/>\ntel: +74952211911<br \/>\ninfo[at]blizzard-lt.ru<br \/>\n<a href=\"http:\/\/www.blizzard-lt.ru\">WWW.BLIZZARD-LT.RU<\/a>[\/vc_column_text][\/vc_column][vc_column width=&#8221;1\/4&#8243;][vc_column_text]<strong>Sweden<br \/>\n<\/strong><\/p>\n<div class=\"textwidget\">\n<p>Cenva AB<br \/>\nF\u00f6rr\u00e5dsgatan 32<br \/>\n542 35 Mariestad<\/p>\n<p>Tel. +46 0501-39 93 00<br \/>\ninfo[at]cenva.se<br \/>\n<a href=\"http:\/\/www.cenva.se\">www.cenva.se<\/a><\/p>\n<\/div>\n<p>[\/vc_column_text][\/vc_column][vc_column width=&#8221;1\/4&#8243;][vc_column_text]<strong><span class=\"st\">Switzerland<\/span><\/strong><\/p>\n<p>Gottschalck AG<br \/>\nIm Eglifeld 12<br \/>\n8598 Bottighofen<\/p>\n<p>tel: 0041 716722230<br \/>\nfax: 0041 716724364<br \/>\ninfo[at]gottschalck.ch<br \/>\n<a href=\"https:\/\/www.gottschalck.ch\/agenturen\/zentralstaubsauger\">www.gottschalck.ch<\/a>[\/vc_column_text][\/vc_column][vc_column width=&#8221;1\/4&#8243;][vc_column_text]<strong>Spain<br \/>\n<\/strong><\/p>\n<p>AGRUTEC, S.L.<br \/>\nC\u00f1o. de Nogueiras, nave 5<br \/>\nAptdo. de Correos N\u00ba 1053<br \/>\n36416 MOS<\/p>\n<p>tel:\u00a0 0034 986498801<br \/>\nagrutec[at]agrutec.eu[\/vc_column_text][\/vc_column][\/vc_row][vc_row][vc_column][vc_separator color=&#8221;custom&#8221; accent_color=&#8221;#dd3333&#8243;][\/vc_column][\/vc_row][vc_row][vc_column width=&#8221;1\/4&#8243;][vc_column_text]<strong>Slovakia<\/strong><\/p>\n<p>ETC Invest s.r.o.<br \/>\nLichardova 16<br \/>\n81103 Bratislava<\/p>\n<p>tel: 00420 733 546 226<br \/>\noffice[at]etcinvest.sk<br \/>\n<a href=\"https:\/\/www.etcinvest.sk\/\">www.etcinvest.sk<\/a>[\/vc_column_text][\/vc_column][vc_column width=&#8221;1\/4&#8243;][vc_column_text]<strong>Spain \/ Teneriffa<br \/>\n<\/strong><\/p>\n<p>Martin Winter<br \/>\nUrb. Club Casa Blanca, Apto. A 12<br \/>\n38588 Poris de Abona, Teneriffa<\/p>\n<p>tel:\u00a0 0034 646 333 618<br \/>\nmob: 0049 171 937 4913<br \/>\nmartin-albert.winter[at]arcor.de[\/vc_column_text][\/vc_column][vc_column width=&#8221;1\/4&#8243;][vc_column_text]<strong>Ukraine<\/strong><\/p>\n<p>Sahara LLC<br \/>\nMr. Roman Bilan<br \/>\nNovokonstatynivska Str. 1W<br \/>\n04080 Kyiv<\/p>\n<p>tel: +38 063 771 2462<br \/>\nbilan.roma[at]sahara.kiev.ua<br \/>\n<a href=\"https:\/\/caxapa.ua\/en\/produkciya\/tsentralnij-porohotjag\/bvc\/porohotjagi-bvc-blackline\">www.caxapa.ua<\/a>[\/vc_column_text][\/vc_column][vc_column width=&#8221;1\/4&#8243;][\/vc_column][\/vc_row][vc_row][vc_column][vc_separator color=&#8221;custom&#8221; accent_color=&#8221;#dd3333&#8243;][\/vc_column][\/vc_row][vc_row][vc_column][vc_column_text]<\/p>\n<h3 style=\"text-align: center;\"><strong>More BVC Agents<br \/>\n<\/strong><\/h3>\n<p>[\/vc_column_text][vc_empty_space][vc_row_inner][vc_column_inner width=&#8221;1\/4&#8243;][vc_column_text]<strong>Australia and New Zealand<br \/>\n<\/strong><\/p>\n<p>Tony Hocking<br \/>\nEuropean Central Vacuum Systems<\/p>\n<p>19 Fitzherbert St.<br \/>\nAlicetown<br \/>\nLower Hutt<\/p>\n<p>tel: +64\u00a0 027 69 287 00<br \/>\ncontactus[at]eurocentralvacs.co.nz<br \/>\nwww.eurocentralvacs.co.nz[\/vc_column_text][\/vc_column_inner][vc_column_inner width=&#8221;1\/4&#8243;][vc_column_text]<strong>Iraq<br \/>\n<\/strong><\/p>\n<p>Rwnaq Alsama Company<\/p>\n<p>14 Ramadan St<br \/>\nBaghdad Iraq<\/p>\n<p>tel: +964 7713893117<br \/>\nadministration[at]rwnaqalsama.com[\/vc_column_text][\/vc_column_inner][vc_column_inner width=&#8221;1\/4&#8243;][vc_column_text]<strong>Israel and Palestinian Territories<\/strong><\/p>\n<p>HAVC<br \/>\nHail Mahmoud<\/p>\n<p>Golan Heights , Majdal Sgams<br \/>\n1243800<br \/>\nIsreal<\/p>\n<p>tel: +972 507 750 550<br \/>\nhail.vac[at]gmail.com[\/vc_column_text][\/vc_column_inner][\/vc_row_inner][\/vc_column][\/vc_row]<\/p>\n","protected":false},"excerpt":{"rendered":"<p>[vc_row][vc_column][vc_empty_space][\/vc_column][\/vc_row][vc_row][vc_column][vc_column_text]We manufacture high-quality central vacuum cleaners and focus on quality, short delivery periods and high customer satisfaction. Sales and distribution&#8230;<\/p>\n","protected":false},"author":2,"featured_media":0,"parent":1387,"menu_order":0,"comment_status":"closed","ping_status":"closed","template":"","meta":{"_mi_skip_tracking":false,"_exactmetrics_sitenote_active":false,"_exactmetrics_sitenote_note":"","_exactmetrics_sitenote_category":0,"footnotes":""},"tags":[],"_links":{"self":[{"href":"https:\/\/bvc-zentralstaubsauger.de\/en\/wp-json\/wp\/v2\/pages\/1854"}],"collection":[{"href":"https:\/\/bvc-zentralstaubsauger.de\/en\/wp-json\/wp\/v2\/pages"}],"about":[{"href":"https:\/\/bvc-zentralstaubsauger.de\/en\/wp-json\/wp\/v2\/types\/page"}],"author":[{"embeddable":true,"href":"https:\/\/bvc-zentralstaubsauger.de\/en\/wp-json\/wp\/v2\/users\/2"}],"replies":[{"embeddable":true,"href":"https:\/\/bvc-zentralstaubsauger.de\/en\/wp-json\/wp\/v2\/comments?post=1854"}],"version-history":[{"count":63,"href":"https:\/\/bvc-zentralstaubsauger.de\/en\/wp-json\/wp\/v2\/pages\/1854\/revisions"}],"predecessor-version":[{"id":6158,"href":"https:\/\/bvc-zentralstaubsauger.de\/en\/wp-json\/wp\/v2\/pages\/1854\/revisions\/6158"}],"up":[{"embeddable":true,"href":"https:\/\/bvc-zentralstaubsauger.de\/en\/wp-json\/wp\/v2\/pages\/1387"}],"wp:attachment":[{"href":"https:\/\/bvc-zentralstaubsauger.de\/en\/wp-json\/wp\/v2\/media?parent=1854"}],"wp:term":[{"taxonomy":"post_tag","embeddable":true,"href":"https:\/\/bvc-zentralstaubsauger.de\/en\/wp-json\/wp\/v2\/tags?post=1854"}],"curies":[{"name":"wp","href":"https:\/\/api.w.org\/{rel}","templated":true}]}}